{"id":727,"date":"2025-07-25T07:14:31","date_gmt":"2025-07-25T06:14:31","guid":{"rendered":"https:\/\/staging.microlabhard.com\/ortopediaergox\/contacte\/"},"modified":"2025-09-03T09:18:00","modified_gmt":"2025-09-03T08:18:00","slug":"contacte","status":"publish","type":"page","link":"https:\/\/ortopediaergox.es\/ca\/contacte\/","title":{"rendered":"Contacte"},"content":{"rendered":"<div class=\"wpb-content-wrapper\"><p>[vc_section full_width=&#8221;stretch_row&#8221; css=&#8221;.vc_custom_1753867558207{padding-top: 80px !important;padding-bottom: 30px !important;}&#8221; conditional_render=&#8221;%5B%7B%22value_role%22%3A%22administrator%22%7D%5D&#8221; css_params=&#8221;{&#8220;css_padding_top_md&#8220;:&#8220;50px&#8220;}&#8221; custom_css_response=&#8221;@media(max-width:767px){.vc_custom_1753867558207{padding-top:50px!important;}}&#8221;][vc_row gap=&#8221;35&#8243; conditional_render=&#8221;%5B%7B%22value_role%22%3A%22administrator%22%7D%5D&#8221; css_params=&#8221;&#8221;][vc_column conditional_render=&#8221;%5B%7B%22value_role%22%3A%22administrator%22%7D%5D&#8221; css_params=&#8221;&#8221;][vc_custom_heading text=&#8221;Preguntes freq\u00fcents&#8221; use_theme_fonts=&#8221;yes&#8221; css=&#8221;.vc_custom_1753432405321{margin-bottom: 20px !important;}&#8221; css_params=&#8221;&#8221;][vc_column_text css=&#8221;.vc_custom_1753428851014{margin-bottom: 45px !important;}&#8221; css_params=&#8221;&#8221;]Encara no tens clar en qu\u00e8 et podem ajudar? Cerca les respostes a aquestes preguntes m\u00e9s freq\u00fcents aqu\u00ed o envia&#8217;ns un missatge.[\/vc_column_text][vc_toggle title=&#8221;Per a qui s\u00f3n les vostres pr\u00f2tesis?&#8221; css=&#8221;&#8221; css_params=&#8221;&#8221;]Per a tota persona que hagi sofert una amputaci\u00f3, de cama o de bra\u00e7, de qualsevol nivell. Els m\u00e9s de 20 anys d&#8217;experi\u00e8ncia i d&#8217;activitat de recerca, experimentaci\u00f3 i formaci\u00f3 constants, ens posa en disposici\u00f3 de resoldre tot tipus de necessitats. Analitzem les necessitats del pacient per a dissenyar i construir seguint el nostre m\u00e8tode de manufactura artesana (Ergox Craft Construction) de la pr\u00f2tesi id\u00f2nia per a assegurar la m\u00e0xima mobilitat i comoditat m\u00e0ximes. A m\u00e9s, en optar per una soluci\u00f3 est\u00e8tica altament personalitzable, garanteix a l&#8217;usuari el quedar satisfet de l&#8217;aparen\u00e7a de la seva pr\u00f2tesi.[\/vc_toggle][vc_toggle title=&#8221;Ateneu les prestacions de la Seguretat Social?&#8221; css=&#8221;&#8221; css_params=&#8221;&#8221;]Per descomptat. T&#8217;assessorarem i t&#8217;ajudarem a preparar la documentaci\u00f3 necess\u00e0ria perqu\u00e8 puguis tramitar amb solv\u00e8ncia, les prestacions que l&#8217;Institut Catal\u00e0 de Salut o el Servei de Seguretat Social de la teva comunitat aut\u00f2noma et pot finan\u00e7ar.[\/vc_toggle][vc_toggle title=&#8221;Puc tenir un pressupost previ?&#8221; css=&#8221;&#8221; css_params=&#8221;&#8221;]Tant si \u00e9s per a presentar-ho a la Seguretat Social com si el que necessites no pot ser finan\u00e7at per aquest organisme, examinarem el teu cas i et facilitarem un pressupost detallat. Una vegada revisat per tu i aprovat, comen\u00e7arem el proc\u00e9s de construcci\u00f3 i proves, fins a lliurar-te definitivament la teva pr\u00f2tesi.[\/vc_toggle][vc_toggle title=&#8221;Qu\u00e8 passa si la pr\u00f2tesi que m&apos;heu fet no m&apos;acaba d&apos;anar b\u00e9?&#8221; css=&#8221;&#8221; css_params=&#8221;&#8221;]En l&#8217;improbable cas que la pr\u00f2tesi necessiti alguna rectificaci\u00f3 per a facilitar la seva adaptaci\u00f3 al teu mony\u00f3 i que no sentis la m\u00e0xima comoditat en el moviment, farem les adaptacions que sigui necessari fins a aconseguir-lo, sense cap c\u00e0rrec addicional. Respectarem el pressupost que en el seu moment acordem.[\/vc_toggle][\/vc_column][\/vc_row][vc_row full_width=&#8221;stretch_row&#8221; gap=&#8221;35&#8243; conditional_render=&#8221;%5B%7B%22value_role%22%3A%22administrator%22%7D%5D&#8221; css_params=&#8221;&#8221; css=&#8221;.vc_custom_1753598893426{margin-top: 30px !important;margin-bottom: 70px !important;padding-top: 70px !important;padding-bottom: 50px !important;background-color: #efefef !important;}&#8221;][vc_column width=&#8221;1\/2&#8243;][vc_column_text css=&#8221;.vc_custom_1753634681105{porto_vc_design_option}&#8221; css_params=&#8221;{&#8220;css_margin_bottom_md&#8220;:&#8220;40px&#8220;}&#8221; custom_css_response=&#8221;@media(max-width:767px){.vc_custom_1753634681105{margin-bottom:40px!important;}}&#8221;]Si tens necessitat de fer una consulta r\u00e0pida al teu t\u00e8cnic Ergox, si vols concertar una visita o con\u00e8ixer la disponibilitat del teu enc\u00e0rrec truca&#8217;ns. Estarem encantats d&#8217;atendre les teves necessitats i orientar-te perqu\u00e8 estalvi\u00efs temps abans de visitar-nos.<\/p>\n<p>Si no trobes la informaci\u00f3 que busques en aquesta web o vols que te la fem arribar a la teva b\u00fastia envia&#8217;ns un correu amb la teva consulta i en el termini m\u00e9s breu possible ens posarem et respondrem o ens posarem en contacte amb tu. Tamb\u00e9 pots utilitzar el formulari de consulta que hi ha en aquesta mateixa p\u00e0gina.<\/p>\n<p>Visita les nostres instal\u00b7lacions. Estem en el centre de Barcelona, en ple Eixample, al costat del mercat de Sant Antoni i a dos carrers de la Gran Via i el carrer Urgell. Aqu\u00ed t&#8217;atendrem, orientarem la millor soluci\u00f3 ortoprot\u00e8tica per tu i l&#8217;adaptarem a les teves necessitats personals.[\/vc_column_text][\/vc_column][vc_column width=&#8221;1\/2&#8243;]<a aria-label=\"Truca&#039;ns\" class=\"porto-sicon-box-link\" href=\"tel:+34931750460\" target='_blank'><div class=\"porto-sicon-box  vc_custom_1753598283896 mlh_box_contacto shadow  wpb_custom_15f43e0e2e43f53fd027a5864e18ece7 hover-icon-left default-icon\"><div class=\"porto-sicon-default\"><div class=\"porto-just-icon-wrapper porto-icon none\" style=\"color:#ffffff;font-size:40px;\"><i class=\"fas fa-phone\"><\/i><\/div><\/div><div class=\"porto-sicon-header\"><h3 class=\"porto-sicon-title\" style=\"\">Truca&#039;ns<\/h3><p style=\"color:#ffffff;\">931 750 460<\/p><\/div> <!-- header --><\/div><!-- porto-sicon-box --><\/a><a aria-label=\"Escriu-nos\" class=\"porto-sicon-box-link\" href=\"mailto:info@ortopediaergox.es\" target='_blank'><div class=\"porto-sicon-box  vc_custom_1756812340513 mlh_box_contacto shadow  wpb_custom_15f43e0e2e43f53fd027a5864e18ece7 hover-icon-left default-icon\"><div class=\"porto-sicon-default\"><div class=\"porto-just-icon-wrapper porto-icon none\" style=\"color:#ffffff;font-size:40px;\"><i class=\"fas fa-envelope\"><\/i><\/div><\/div><div class=\"porto-sicon-header\"><h3 class=\"porto-sicon-title\" style=\"\">Escriu-nos<\/h3><p style=\"color:#ffffff;\">info@ortopediaergox.es<\/p><\/div> <!-- header --><\/div><!-- porto-sicon-box --><\/a><a aria-label=\"Vine a veure&#039;ns\" class=\"porto-sicon-box-link\" href=\"https:\/\/maps.app.goo.gl\/XXSxzCy8Xd4oVLjP7\" target='_blank'><div class=\"porto-sicon-box  vc_custom_1753598514035 mlh_box_contacto shadow  wpb_custom_15f43e0e2e43f53fd027a5864e18ece7 hover-icon-left default-icon\"><div class=\"porto-sicon-default\"><div class=\"porto-just-icon-wrapper porto-icon none\" style=\"color:#ffffff;font-size:40px;\"><i class=\"fas fa-map-marker-alt\"><\/i><\/div><\/div><div class=\"porto-sicon-header\"><h3 class=\"porto-sicon-title\" style=\"\">Vine a veure&#039;ns<\/h3><p style=\"color:#ffffff;\">Floridablanca 84 Barcelona<\/p><\/div> <!-- header --><\/div><!-- porto-sicon-box --><\/a><div class=\"porto-sicon-box  vc_custom_1753598848175 mlh_box_contacto shadow  wpb_custom_15f43e0e2e43f53fd027a5864e18ece7 hover-icon-left default-icon\"><div class=\"porto-sicon-default\"><div class=\"porto-just-icon-wrapper porto-icon none\" style=\"color:#ffffff;font-size:40px;\"><i class=\"fas fa-clock\"><\/i><\/div><\/div><div class=\"porto-sicon-header\"><h3 class=\"porto-sicon-title\" style=\"\">El nostre horari<\/h3><p style=\"color:#ffffff;\">De 9:00 a 13:30 i de 15:30 a 19:00 (dill-div).<\/p><\/div> <!-- header --><\/div><!-- porto-sicon-box -->[\/vc_column][\/vc_row][vc_row gap=&#8221;35&#8243; conditional_render=&#8221;%5B%7B%22value_role%22%3A%22administrator%22%7D%5D&#8221; css_params=&#8221;&#8221;][vc_column width=&#8221;1\/2&#8243;][vc_raw_html css=&#8221;.vc_custom_1753434384708{margin-bottom: 30px !important;}&#8221; css_params=&#8221;&#8221;]PGlmcmFtZSBzcmM9Imh0dHBzOi8vd3d3Lmdvb2dsZS5jb20vbWFwcy9lbWJlZD9wYj0hMW0xOCExbTEyITFtMyExZDU5ODcuNTY0OTYwNzk5NDc2ITJkMi4xNTkwNzUwMDAwMDAwMDA1ITNkNDEuMzc4ODEwNDAwMDAwMDA2ITJtMyExZjAhMmYwITNmMCEzbTIhMWkxMDI0ITJpNzY4ITRmMTMuMSEzbTMhMW0yITFzMHgxMmE0YTI2MjMyMDQ4MWQxJTNBMHhhODkyZDM0Y2NkY2Y1Mjg1ITJzT3J0b3AlQzMlQThkaWElMjBFcmdveCUyMFMuTC4hNWUwITNtMiExc2VzITJzZXMhNHYxNzUzNDM0MTQ5MDM4ITVtMiExc2VzITJzZXMiIHdpZHRoPSIxMDAlIiBoZWlnaHQ9IjUwMCIgc3R5bGU9ImJvcmRlcjowOyIgYWxsb3dmdWxsc2NyZWVuPSIiIGxvYWRpbmc9ImxhenkiIHJlZmVycmVycG9saWN5PSJuby1yZWZlcnJlci13aGVuLWRvd25ncmFkZSI+PC9pZnJhbWU+[\/vc_raw_html][\/vc_column][vc_column width=&#8221;1\/2&#8243;][vc_custom_heading text=&#8221;Posa&apos;t en contacte amb nosaltres&#8221; use_theme_fonts=&#8221;yes&#8221; css=&#8221;.vc_custom_1753432439890{margin-bottom: 20px !important;}&#8221; css_params=&#8221;&#8221;][vc_column_text css=&#8221;.vc_custom_1753425346671{margin-bottom: 45px !important;}&#8221; css_params=&#8221;&#8221;]Envia&#8217;ns un missatge i respondrem a continuaci\u00f3 la teva consulta.[\/vc_column_text]\n<div class=\"wpcf7 no-js\" id=\"wpcf7-f751-o1\" lang=\"ca\" dir=\"ltr\" data-wpcf7-id=\"751\">\n<div class=\"screen-reader-response\"><p role=\"status\" aria-live=\"polite\" aria-atomic=\"true\"><\/p> <ul><\/ul><\/div>\n<form action=\"\/ca\/wp-json\/wp\/v2\/pages\/727#wpcf7-f751-o1\" method=\"post\" class=\"wpcf7-form init\" aria-label=\"Formulari de contacte\" novalidate=\"novalidate\" data-status=\"init\">\n<fieldset class=\"hidden-fields-container\"><input type=\"hidden\" name=\"_wpcf7\" value=\"751\" \/><input type=\"hidden\" name=\"_wpcf7_version\" value=\"6.1.1\" \/><input type=\"hidden\" name=\"_wpcf7_locale\" value=\"ca\" \/><input type=\"hidden\" name=\"_wpcf7_unit_tag\" value=\"wpcf7-f751-o1\" \/><input type=\"hidden\" name=\"_wpcf7_container_post\" value=\"0\" \/><input type=\"hidden\" name=\"_wpcf7_posted_data_hash\" value=\"\" \/>\n<\/fieldset>\n<div class=\"left\"><span class=\"wpcf7-form-control-wrap\" data-name=\"your-name\"><input size=\"40\" maxlength=\"400\" class=\"wpcf7-form-control wpcf7-text wpcf7-validates-as-required\" aria-required=\"true\" aria-invalid=\"false\" placeholder=\"Nom *\" value=\"\" type=\"text\" name=\"your-name\" \/><\/span><\/div>\n\n<div class=\"right\"><span class=\"wpcf7-form-control-wrap\" data-name=\"your-phone\"><input size=\"40\" maxlength=\"400\" class=\"wpcf7-form-control wpcf7-text\" aria-invalid=\"false\" placeholder=\"Tel\u00e8fon\" value=\"\" type=\"text\" name=\"your-phone\" \/><\/span><\/div>\n\n<span class=\"wpcf7-form-control-wrap\" data-name=\"your-email\"><input size=\"40\" maxlength=\"400\" class=\"wpcf7-form-control wpcf7-email wpcf7-validates-as-required wpcf7-text wpcf7-validates-as-email\" aria-required=\"true\" aria-invalid=\"false\" placeholder=\"Correu electr\u00f2nic *\" value=\"\" type=\"email\" name=\"your-email\" \/><\/span>\n\n<span class=\"wpcf7-form-control-wrap\" data-name=\"your-message\"><textarea cols=\"40\" rows=\"10\" maxlength=\"2000\" class=\"wpcf7-form-control wpcf7-textarea wpcf7-validates-as-required\" aria-required=\"true\" aria-invalid=\"false\" placeholder=\"Missatge *\" name=\"your-message\"><\/textarea><\/span>\n\n<div class=\"MLH_Form\"><strong>Protecci\u00f3 de dades personals.<\/strong> Utilitzarem les vostres dades per respondre consultes i realitzar an\u00e0lisis estad\u00edstiques. Per a m\u00e9s informaci\u00f3 sobre el tractament i els vostres drets, consulteu la <a href=\"https:\/\/ortopediaergox.es\/politica-de-privacidad-y-aviso-legal\/\" rel=\"nofollow\" target=\"_blank\">Pol\u00edtica de Privacitat<\/a>. <\/div>\n\n<div class=\"cf7-cf-turnstile\" style=\"margin-top: 0px; margin-bottom: -15px;\"> <div id=\"cf-turnstile-cf7-403946486\" class=\"cf-turnstile\" data-sitekey=\"0x4AAAAAABTJWeBgpNmcJMEI\" data-theme=\"light\" data-language=\"auto\" data-size=\"flexible\" data-retry=\"auto\" data-retry-interval=\"1000\" data-action=\"contact-form-7\" data-appearance=\"interaction-only\"><\/div> <script>document.addEventListener(\"DOMContentLoaded\", function() { setTimeout(function(){ var e=document.getElementById(\"cf-turnstile-cf7-403946486\"); e&&!e.innerHTML.trim()&&(turnstile.remove(\"#cf-turnstile-cf7-403946486\"), turnstile.render(\"#cf-turnstile-cf7-403946486\", {sitekey:\"0x4AAAAAABTJWeBgpNmcJMEI\"})); }, 0); });<\/script> <style>#cf-turnstile-cf7-403946486 iframe { margin-bottom: 15px; }<\/style> <style>#cf-turnstile-cf7-403946486 { margin-left: -15px; }<\/style> <script>document.addEventListener(\"DOMContentLoaded\",function(){document.querySelectorAll('.wpcf7-form').forEach(function(e){e.addEventListener('submit',function(){if(document.getElementById('cf-turnstile-cf7-403946486')){setTimeout(function(){turnstile.reset('#cf-turnstile-cf7-403946486');},1000)}})})});<\/script> <\/div><br\/><input class=\"wpcf7-form-control wpcf7-submit has-spinner\" type=\"submit\" value=\"Enviar\" \/><div class=\"wpcf7-response-output\" aria-hidden=\"true\"><\/div>\n<\/form>\n<\/div>\n[\/vc_column][\/vc_row][\/vc_section]<\/p>\n<\/div>","protected":false},"excerpt":{"rendered":"<p>[vc_section full_width=&#8221;stretch_row&#8221; css=&#8221;.vc_custom_1753867558207{padding-top: 80px !important;padding-bottom: 30px !important;}&#8221; conditional_render=&#8221;%5B%7B%22value_role%22%3A%22administrator%22%7D%5D&#8221; css_params=&#8221;{&#8220;css_padding_top_md&#8220;:&#8220;50px&#8220;}&#8221; custom_css_response=&#8221;@media(max-width:767px){.vc_custom_1753867558207{padding-top:50px!important;}}&#8221;][vc_row gap=&#8221;35&#8243; conditional_render=&#8221;%5B%7B%22value_role%22%3A%22administrator%22%7D%5D&#8221; css_params=&#8221;&#8221;][vc_column conditional_render=&#8221;%5B%7B%22value_role%22%3A%22administrator%22%7D%5D&#8221; css_params=&#8221;&#8221;][vc_custom_heading text=&#8221;Preguntes freq\u00fcents&#8221; use_theme_fonts=&#8221;yes&#8221; css=&#8221;.vc_custom_1753432405321{margin-bottom: 20px !important;}&#8221; css_params=&#8221;&#8221;][vc_column_text css=&#8221;.vc_custom_1753428851014{margin-bottom: 45px !important;}&#8221; css_params=&#8221;&#8221;]Encara no tens clar en qu\u00e8 et podem ajudar? Cerca les respostes a aquestes preguntes m\u00e9s freq\u00fcents aqu\u00ed o envia&#8217;ns un missatge.[\/vc_column_text][vc_toggle title=&#8221;Per a qui s\u00f3n les vostres pr\u00f2tesis?&#8221; css=&#8221;&#8221; [&hellip;]<\/p>\n","protected":false},"author":5,"featured_media":0,"parent":0,"menu_order":0,"comment_status":"closed","ping_status":"closed","template":"","meta":{"_seopress_robots_primary_cat":"","_seopress_titles_title":"%%sitetitle%% %%sep%% %%post_title%%","_seopress_titles_desc":"Contacta\u2019ns a Barcelona: sol\u00b7licita cita, pressupost o assessorament personalitzat amb l\u2019equip ortoprot\u00e8tic expert d\u2019Ergox","_seopress_robots_index":"","_joinchat":[],"footnotes":""},"class_list":["post-727","page","type-page","status-publish","hentry"],"_links":{"self":[{"href":"https:\/\/ortopediaergox.es\/ca\/wp-json\/wp\/v2\/pages\/727","targetHints":{"allow":["GET"]}}],"collection":[{"href":"https:\/\/ortopediaergox.es\/ca\/wp-json\/wp\/v2\/pages"}],"about":[{"href":"https:\/\/ortopediaergox.es\/ca\/wp-json\/wp\/v2\/types\/page"}],"author":[{"embeddable":true,"href":"https:\/\/ortopediaergox.es\/ca\/wp-json\/wp\/v2\/users\/5"}],"replies":[{"embeddable":true,"href":"https:\/\/ortopediaergox.es\/ca\/wp-json\/wp\/v2\/comments?post=727"}],"version-history":[{"count":2,"href":"https:\/\/ortopediaergox.es\/ca\/wp-json\/wp\/v2\/pages\/727\/revisions"}],"predecessor-version":[{"id":811,"href":"https:\/\/ortopediaergox.es\/ca\/wp-json\/wp\/v2\/pages\/727\/revisions\/811"}],"wp:attachment":[{"href":"https:\/\/ortopediaergox.es\/ca\/wp-json\/wp\/v2\/media?parent=727"}],"curies":[{"name":"wp","href":"https:\/\/api.w.org\/{rel}","templated":true}]}}