{"id":735,"date":"2025-07-25T12:40:32","date_gmt":"2025-07-25T11:40:32","guid":{"rendered":"https:\/\/staging.microlabhard.com\/ortopediaergox\/que-fem\/"},"modified":"2025-09-03T09:21:53","modified_gmt":"2025-09-03T08:21:53","slug":"que-fem","status":"publish","type":"page","link":"https:\/\/ortopediaergox.es\/ca\/que-fem\/","title":{"rendered":"Qu\u00e8 fem"},"content":{"rendered":"<div class=\"wpb-content-wrapper\"><p>[vc_section full_width=&#8221;stretch_row&#8221; css=&#8221;.vc_custom_1753444889193{padding-top: 80px !important;}&#8221; conditional_render=&#8221;%5B%7B%22value_role%22%3A%22administrator%22%7D%5D&#8221; css_params=&#8221;&#8221;][vc_row css=&#8221;.vc_custom_1753444904692{margin-bottom: 50px !important;}&#8221; conditional_render=&#8221;%5B%7B%22value_role%22%3A%22administrator%22%7D%5D&#8221; css_params=&#8221;&#8221;][vc_column animation_type=&#8221;fadeInLeft&#8221; conditional_render=&#8221;%5B%7B%22value_role%22%3A%22administrator%22%7D%5D&#8221; css_params=&#8221;&#8221;][vc_custom_heading text=&#8221;A Ortop\u00e8dia Ergox t&apos;ajudarem a trobar la soluci\u00f3 que millor s&apos;adapta a les teves necessitats!&#8221; font_container=&#8221;tag:h2|text_align:center&#8221; use_theme_fonts=&#8221;yes&#8221; css_params=&#8221;&#8221;][\/vc_column][\/vc_row][vc_row full_width=&#8221;stretch_row&#8221; gap=&#8221;35&#8243; conditional_render=&#8221;%5B%7B%22value_role%22%3A%22administrator%22%7D%5D&#8221; css_params=&#8221;&#8221; css=&#8221;.vc_custom_1753444810028{padding-top: 80px !important;padding-bottom: 80px !important;background-color: #efefef !important;}&#8221; el_class=&#8221;mlh_centrar_bloque&#8221;][vc_column width=&#8221;1\/3&#8243; animation_delay=&#8221;550&#8243; animation_type=&#8221;fadeInLeft&#8221; conditional_render=&#8221;%5B%7B%22value_role%22%3A%22administrator%22%7D%5D&#8221; css_params=&#8221;&#8221;]<div class=\"porto-ultimate-content-box-container mlh_box_servicio shadow\"><style>.porto_ucb_21b6bf01188be9ba0119a2cb5c097588{will-change: box-shadow;box-shadow: none;}.porto_ucb_21b6bf01188be9ba0119a2cb5c097588:hover{box-shadow:none}<\/style><div class=\"porto-ultimate-content-box porto_ucb_21b6bf01188be9ba0119a2cb5c097588\" style=\"background-color:#ffffff;min-height:717px;\" data-bg=\"#ffffff\">[vc_single_image image=&#8221;730&#8243; img_size=&#8221;full&#8221; css=&#8221;&#8221; img_object=&#8221;cover&#8221; img_pos=&#8221;bottom center&#8221; img_width=&#8221;{&#8220;xl&#8220;:&#8220;100&#8220;,&#8220;unit&#8220;:&#8220;%&#8220;,&#8220;xs&#8220;:&#8220;&#8220;,&#8220;sm&#8220;:&#8220;&#8220;,&#8220;md&#8220;:&#8220;&#8220;,&#8220;lg&#8220;:&#8220;&#8220;}&#8221; img_height=&#8221;{&#8220;xl&#8220;:&#8220;350&#8220;,&#8220;unit&#8220;:&#8220;&#8220;,&#8220;xs&#8220;:&#8220;&#8220;,&#8220;sm&#8220;:&#8220;&#8220;,&#8220;md&#8220;:&#8220;&#8220;,&#8220;lg&#8220;:&#8220;&#8220;}&#8221; css_params=&#8221;&#8221;][vc_custom_heading text=&#8221;Pr\u00f2tesi de membre inferior&#8221; font_container=&#8221;tag:h3|text_align:left&#8221; use_theme_fonts=&#8221;yes&#8221; css=&#8221;.vc_custom_1753473856377{padding-top: 40px !important;padding-right: 40px !important;padding-left: 40px !important;}&#8221; css_params=&#8221;&#8221; el_class=&#8221;mlh_boxtitle&#8221;][vc_column_text css=&#8221;.vc_custom_1753469110284{padding-right: 40px !important;padding-bottom: 40px !important;padding-left: 40px !important;}&#8221; css_params=&#8221;&#8221; text_typography=&#8221;{&#8220;family&#8220;:&#8220;Default&#8220;,&#8220;variant&#8220;:&#8220;Default&#8220;,&#8220;font_size&#8220;:&#8220;0.9em&#8220;,&#8220;line_height&#8220;:&#8220;1.1em&#8220;,&#8220;letter_spacing&#8220;:&#8220;&#8220;,&#8220;text_transform&#8220;:&#8220;&#8220;}&#8221;]El disseny de pr\u00f2tesi en persones biamputadas \u00e9s una especialitat que implica un treball molt acurat per a assegurar l&#8217;estabilitat, l&#8217;equilibri i la comoditat, amb especial atenci\u00f3 a la rehabilitaci\u00f3 de la marxa i l&#8217;ensinistrament per a evitar l&#8217;adopci\u00f3 de males postures i aconseguir un moviment harm\u00f2nic.[\/vc_column_text]<\/div><\/div>[\/vc_column][vc_column width=&#8221;1\/3&#8243; animation_delay=&#8221;400&#8243; animation_type=&#8221;fadeInLeft&#8221; conditional_render=&#8221;%5B%7B%22value_role%22%3A%22administrator%22%7D%5D&#8221; css_params=&#8221;&#8221;]<div class=\"porto-ultimate-content-box-container mlh_box_servicio shadow\"><style>.porto_ucb_21b6bf01188be9ba0119a2cb5c097588{will-change: box-shadow;box-shadow: none;}.porto_ucb_21b6bf01188be9ba0119a2cb5c097588:hover{box-shadow:none}<\/style><div class=\"porto-ultimate-content-box porto_ucb_21b6bf01188be9ba0119a2cb5c097588\" style=\"background-color:#ffffff;min-height:717px;\" data-bg=\"#ffffff\">[vc_single_image image=&#8221;731&#8243; img_size=&#8221;full&#8221; css=&#8221;&#8221; img_object=&#8221;cover&#8221; img_pos=&#8221;bottom center&#8221; img_width=&#8221;{&#8220;xl&#8220;:&#8220;100&#8220;,&#8220;unit&#8220;:&#8220;%&#8220;,&#8220;xs&#8220;:&#8220;&#8220;,&#8220;sm&#8220;:&#8220;&#8220;,&#8220;md&#8220;:&#8220;&#8220;,&#8220;lg&#8220;:&#8220;&#8220;}&#8221; img_height=&#8221;{&#8220;xl&#8220;:&#8220;350&#8220;,&#8220;unit&#8220;:&#8220;&#8220;,&#8220;xs&#8220;:&#8220;&#8220;,&#8220;sm&#8220;:&#8220;&#8220;,&#8220;md&#8220;:&#8220;&#8220;,&#8220;lg&#8220;:&#8220;&#8220;}&#8221; css_params=&#8221;&#8221;][vc_custom_heading text=&#8221;Covers est\u00e8tiques&#8221; font_container=&#8221;tag:h3|text_align:left&#8221; use_theme_fonts=&#8221;yes&#8221; css=&#8221;.vc_custom_1753473865494{padding-top: 40px !important;padding-right: 40px !important;padding-left: 40px !important;}&#8221; css_params=&#8221;&#8221; el_class=&#8221;mlh_boxtitle&#8221;][vc_column_text css=&#8221;.vc_custom_1753469097620{padding-right: 40px !important;padding-bottom: 40px !important;padding-left: 40px !important;}&#8221; css_params=&#8221;&#8221; text_typography=&#8221;{&#8220;family&#8220;:&#8220;Default&#8220;,&#8220;variant&#8220;:&#8220;Default&#8220;,&#8220;font_size&#8220;:&#8220;0.9em&#8220;,&#8220;line_height&#8220;:&#8220;1.1em&#8220;,&#8220;letter_spacing&#8220;:&#8220;&#8220;,&#8220;text_transform&#8220;:&#8220;&#8220;}&#8221;]Les nostres covers est\u00e8tiques, dissenyades en cooperaci\u00f3 amb el propi usuari, s&#8217;adapten perfectament a les seves prefer\u00e8ncies i gustos. La t\u00e8cnica pionera que utilitzem permet una personalitzaci\u00f3 m\u00e0xima del disseny i una perfecta adaptaci\u00f3 a la pr\u00f2tesi.[\/vc_column_text]<\/div><\/div>[\/vc_column][vc_column width=&#8221;1\/3&#8243; animation_delay=&#8221;250&#8243; animation_type=&#8221;fadeInLeft&#8221; conditional_render=&#8221;%5B%7B%22value_role%22%3A%22administrator%22%7D%5D&#8221; css_params=&#8221;&#8221;]<div class=\"porto-ultimate-content-box-container mlh_box_servicio shadow\"><style>.porto_ucb_21b6bf01188be9ba0119a2cb5c097588{will-change: box-shadow;box-shadow: none;}.porto_ucb_21b6bf01188be9ba0119a2cb5c097588:hover{box-shadow:none}<\/style><div class=\"porto-ultimate-content-box porto_ucb_21b6bf01188be9ba0119a2cb5c097588\" style=\"background-color:#ffffff;min-height:717px;\" data-bg=\"#ffffff\">[vc_single_image image=&#8221;732&#8243; img_size=&#8221;full&#8221; css=&#8221;&#8221; img_object=&#8221;cover&#8221; img_pos=&#8221;center center&#8221; img_width=&#8221;{&#8220;xl&#8220;:&#8220;100&#8220;,&#8220;unit&#8220;:&#8220;%&#8220;,&#8220;xs&#8220;:&#8220;&#8220;,&#8220;sm&#8220;:&#8220;&#8220;,&#8220;md&#8220;:&#8220;&#8220;,&#8220;lg&#8220;:&#8220;&#8220;}&#8221; img_height=&#8221;{&#8220;xl&#8220;:&#8220;350&#8220;,&#8220;unit&#8220;:&#8220;&#8220;,&#8220;xs&#8220;:&#8220;&#8220;,&#8220;sm&#8220;:&#8220;&#8220;,&#8220;md&#8220;:&#8220;&#8220;,&#8220;lg&#8220;:&#8220;&#8220;}&#8221; css_params=&#8221;&#8221;][vc_custom_heading text=&#8221;Bra\u00e7os transradiales&#8221; font_container=&#8221;tag:h3|text_align:left&#8221; use_theme_fonts=&#8221;yes&#8221; css=&#8221;.vc_custom_1753473873024{padding-top: 40px !important;padding-right: 40px !important;padding-left: 40px !important;}&#8221; css_params=&#8221;&#8221; el_class=&#8221;mlh_boxtitle&#8221;][vc_column_text css=&#8221;.vc_custom_1753469065633{padding-right: 40px !important;padding-bottom: 40px !important;padding-left: 40px !important;}&#8221; css_params=&#8221;&#8221; text_typography=&#8221;{&#8220;family&#8220;:&#8220;Default&#8220;,&#8220;variant&#8220;:&#8220;Default&#8220;,&#8220;font_size&#8220;:&#8220;0.9em&#8220;,&#8220;line_height&#8220;:&#8220;1.1em&#8220;,&#8220;letter_spacing&#8220;:&#8220;&#8220;,&#8220;text_transform&#8220;:&#8220;&#8220;}&#8221;]Una amputaci\u00f3 transradial, \u00e9s a dir en l&#8217;\u00e0rea de l&#8217;avantbra\u00e7, demana la implementaci\u00f3 d&#8217;una m\u00e0 prot\u00e8tica, b\u00e0sica o amb control miol\u00e9ctrico, fixada amb cura i precisi\u00f3 a un encaix c\u00f2mode. A Ergox t&#8217;oferim una \u00e0mplia varietat de solucions, tant t\u00e8cniques com est\u00e8tiques, pensant en el teu benestar.[\/vc_column_text]<\/div><\/div>[\/vc_column][vc_column width=&#8221;1\/3&#8243; animation_delay=&#8221;150&#8243; animation_type=&#8221;fadeInLeft&#8221; conditional_render=&#8221;%5B%7B%22value_role%22%3A%22administrator%22%7D%5D&#8221; css_params=&#8221;&#8221;]<div class=\"porto-ultimate-content-box-container mlh_box_servicio shadow\"><style>.porto_ucb_21b6bf01188be9ba0119a2cb5c097588{will-change: box-shadow;box-shadow: none;}.porto_ucb_21b6bf01188be9ba0119a2cb5c097588:hover{box-shadow:none}<\/style><div class=\"porto-ultimate-content-box porto_ucb_21b6bf01188be9ba0119a2cb5c097588\" style=\"background-color:#ffffff;min-height:700px;\" data-bg=\"#ffffff\">[vc_single_image image=&#8221;733&#8243; img_size=&#8221;full&#8221; css=&#8221;&#8221; img_object=&#8221;cover&#8221; img_pos=&#8221;center center&#8221; img_width=&#8221;{&#8220;xl&#8220;:&#8220;100&#8220;,&#8220;unit&#8220;:&#8220;%&#8220;,&#8220;xs&#8220;:&#8220;&#8220;,&#8220;sm&#8220;:&#8220;&#8220;,&#8220;md&#8220;:&#8220;&#8220;,&#8220;lg&#8220;:&#8220;&#8220;}&#8221; img_height=&#8221;{&#8220;xl&#8220;:&#8220;350&#8220;,&#8220;unit&#8220;:&#8220;&#8220;,&#8220;xs&#8220;:&#8220;&#8220;,&#8220;sm&#8220;:&#8220;&#8220;,&#8220;md&#8220;:&#8220;&#8220;,&#8220;lg&#8220;:&#8220;&#8220;}&#8221; css_params=&#8221;&#8221;][vc_custom_heading text=&#8221;Ortesi a mesura&#8221; font_container=&#8221;tag:h3|text_align:left&#8221; use_theme_fonts=&#8221;yes&#8221; css=&#8221;.vc_custom_1753473881664{padding-top: 40px !important;padding-right: 40px !important;padding-left: 40px !important;}&#8221; css_params=&#8221;&#8221; el_class=&#8221;mlh_boxtitle&#8221;][vc_column_text css=&#8221;.vc_custom_1753469122755{padding-right: 40px !important;padding-bottom: 40px !important;padding-left: 40px !important;}&#8221; css_params=&#8221;&#8221; text_typography=&#8221;{&#8220;family&#8220;:&#8220;Default&#8220;,&#8220;variant&#8220;:&#8220;Default&#8220;,&#8220;font_size&#8220;:&#8220;0.9em&#8220;,&#8220;line_height&#8220;:&#8220;1.1em&#8220;,&#8220;letter_spacing&#8220;:&#8220;&#8220;,&#8220;text_transform&#8220;:&#8220;&#8220;}&#8221;]A Ergox et facilitarem la soluci\u00f3 ort\u00e9sica m\u00e9s adequada a la prescripci\u00f3 del teu especialista. Ja sigui per a estabilitzar, corregir o protegir aquelles parts del teu cos que el necessitin.[\/vc_column_text]<\/div><\/div>[\/vc_column][vc_column width=&#8221;1\/3&#8243; animation_type=&#8221;fadeInLeft&#8221; conditional_render=&#8221;%5B%7B%22value_role%22%3A%22administrator%22%7D%5D&#8221; css_params=&#8221;&#8221;]<div class=\"porto-ultimate-content-box-container mlh_box_servicio shadow\"><style>.porto_ucb_21b6bf01188be9ba0119a2cb5c097588{will-change: box-shadow;box-shadow: none;}.porto_ucb_21b6bf01188be9ba0119a2cb5c097588:hover{box-shadow:none}<\/style><div class=\"porto-ultimate-content-box porto_ucb_21b6bf01188be9ba0119a2cb5c097588\" style=\"background-color:#ffffff;min-height:700px;\" data-bg=\"#ffffff\">[vc_single_image image=&#8221;734&#8243; img_size=&#8221;full&#8221; css=&#8221;&#8221; img_object=&#8221;cover&#8221; img_pos=&#8221;bottom center&#8221; img_width=&#8221;{&#8220;xl&#8220;:&#8220;100&#8220;,&#8220;unit&#8220;:&#8220;%&#8220;,&#8220;xs&#8220;:&#8220;&#8220;,&#8220;sm&#8220;:&#8220;&#8220;,&#8220;md&#8220;:&#8220;&#8220;,&#8220;lg&#8220;:&#8220;&#8220;}&#8221; img_height=&#8221;{&#8220;xl&#8220;:&#8220;350&#8220;,&#8220;unit&#8220;:&#8220;&#8220;,&#8220;xs&#8220;:&#8220;&#8220;,&#8220;sm&#8220;:&#8220;&#8220;,&#8220;md&#8220;:&#8220;&#8220;,&#8220;lg&#8220;:&#8220;&#8220;}&#8221; css_params=&#8221;&#8221;][vc_custom_heading text=&#8221;Pr\u00f2tesi Revofit&#8221; font_container=&#8221;tag:h3|text_align:left&#8221; use_theme_fonts=&#8221;yes&#8221; css=&#8221;.vc_custom_1753473891046{padding-top: 40px !important;padding-right: 40px !important;padding-left: 40px !important;}&#8221; css_params=&#8221;&#8221; el_class=&#8221;mlh_boxtitle&#8221;][vc_column_text css=&#8221;.vc_custom_1753469132427{padding-right: 40px !important;padding-bottom: 40px !important;padding-left: 40px !important;}&#8221; css_params=&#8221;&#8221; text_typography=&#8221;{&#8220;family&#8220;:&#8220;Default&#8220;,&#8220;variant&#8220;:&#8220;Default&#8220;,&#8220;font_size&#8220;:&#8220;0.9em&#8220;,&#8220;line_height&#8220;:&#8220;1.1em&#8220;,&#8220;letter_spacing&#8220;:&#8220;&#8220;,&#8220;text_transform&#8220;:&#8220;&#8220;}&#8221;]Amb el sistema Revofit resolem aquells casos en qu\u00e8 l&#8217;usuari t\u00e9 un mony\u00f3 poc estable que varia en volum de manera sensible al llarg de dia i dificulta l&#8217;\u00fas d&#8217;un encaix fix. Amb aquesta soluci\u00f3 li resulta f\u00e0cil i c\u00f2mode variar la pressi\u00f3 per a ajustar l&#8217;encaix de manera segura i c\u00f2moda amb nom\u00e9s un parell de clics.[\/vc_column_text]<\/div><\/div>[\/vc_column][\/vc_row][\/vc_section][vc_section full_width=&#8221;stretch_row&#8221; css=&#8221;.vc_custom_1753434970430{padding-top: 80px !important;padding-bottom: 80px !important;background-color: var(&#8211;porto-secondary-color) !important;}&#8221; conditional_render=&#8221;%5B%7B%22value_role%22%3A%22administrator%22%7D%5D&#8221; css_params=&#8221;&#8221;][vc_row][vc_column][vc_custom_heading text=&#8221;Ortop\u00e8dia Ergox. El teu benestar, la nostra prioritat.&#8221; font_container=&#8221;tag:h2|text_align:center|color:%23ffffff&#8221; use_theme_fonts=&#8221;yes&#8221; css_params=&#8221;&#8221; animation_type=&#8221;fadeInLeft&#8221;][vc_btn title=&#8221;Contacteu-nos&#8221; align=&#8221;center&#8221; animation_delay=&#8221;200&#8243; link=&#8221;url:https%3A%2F%2Fortopediaergox.es%2Fca%2Fcontacte%2F|&#8221; el_class=&#8221;mlh_btn_light&#8221; css_params=&#8221;&#8221; animation_type=&#8221;fadeInLeft&#8221;][\/vc_column][\/vc_row][\/vc_section]<\/p>\n<\/div>","protected":false},"excerpt":{"rendered":"<p>[vc_section full_width=&#8221;stretch_row&#8221; css=&#8221;.vc_custom_1753444889193{padding-top: 80px !important;}&#8221; conditional_render=&#8221;%5B%7B%22value_role%22%3A%22administrator%22%7D%5D&#8221; css_params=&#8221;&#8221;][vc_row css=&#8221;.vc_custom_1753444904692{margin-bottom: 50px !important;}&#8221; conditional_render=&#8221;%5B%7B%22value_role%22%3A%22administrator%22%7D%5D&#8221; css_params=&#8221;&#8221;][vc_column animation_type=&#8221;fadeInLeft&#8221; conditional_render=&#8221;%5B%7B%22value_role%22%3A%22administrator%22%7D%5D&#8221; css_params=&#8221;&#8221;][vc_custom_heading text=&#8221;A Ortop\u00e8dia Ergox t&apos;ajudarem a trobar la soluci\u00f3 que millor s&apos;adapta a les teves necessitats!&#8221; font_container=&#8221;tag:h2|text_align:center&#8221; use_theme_fonts=&#8221;yes&#8221; css_params=&#8221;&#8221;][\/vc_column][\/vc_row][vc_row full_width=&#8221;stretch_row&#8221; gap=&#8221;35&#8243; conditional_render=&#8221;%5B%7B%22value_role%22%3A%22administrator%22%7D%5D&#8221; css_params=&#8221;&#8221; css=&#8221;.vc_custom_1753444810028{padding-top: 80px !important;padding-bottom: 80px !important;background-color: #efefef !important;}&#8221; el_class=&#8221;mlh_centrar_bloque&#8221;][vc_column width=&#8221;1\/3&#8243; animation_delay=&#8221;550&#8243; animation_type=&#8221;fadeInLeft&#8221; conditional_render=&#8221;%5B%7B%22value_role%22%3A%22administrator%22%7D%5D&#8221; css_params=&#8221;&#8221;][\/vc_column][vc_column width=&#8221;1\/3&#8243; animation_delay=&#8221;400&#8243; animation_type=&#8221;fadeInLeft&#8221; conditional_render=&#8221;%5B%7B%22value_role%22%3A%22administrator%22%7D%5D&#8221; css_params=&#8221;&#8221;][\/vc_column][vc_column [&hellip;]<\/p>\n","protected":false},"author":5,"featured_media":0,"parent":0,"menu_order":0,"comment_status":"closed","ping_status":"closed","template":"","meta":{"_seopress_robots_primary_cat":"","_seopress_titles_title":"%%sitetitle%% %%sep%% %%post_title%%","_seopress_titles_desc":"Pr\u00f2tesis Revofit, covers est\u00e8tiques, bra\u00e7os transradials i ortesis a mida: solucions ortoprot\u00e8tiques altament personalitzades","_seopress_robots_index":"","_joinchat":[],"footnotes":""},"class_list":["post-735","page","type-page","status-publish","hentry"],"_links":{"self":[{"href":"https:\/\/ortopediaergox.es\/ca\/wp-json\/wp\/v2\/pages\/735","targetHints":{"allow":["GET"]}}],"collection":[{"href":"https:\/\/ortopediaergox.es\/ca\/wp-json\/wp\/v2\/pages"}],"about":[{"href":"https:\/\/ortopediaergox.es\/ca\/wp-json\/wp\/v2\/types\/page"}],"author":[{"embeddable":true,"href":"https:\/\/ortopediaergox.es\/ca\/wp-json\/wp\/v2\/users\/5"}],"replies":[{"embeddable":true,"href":"https:\/\/ortopediaergox.es\/ca\/wp-json\/wp\/v2\/comments?post=735"}],"version-history":[{"count":2,"href":"https:\/\/ortopediaergox.es\/ca\/wp-json\/wp\/v2\/pages\/735\/revisions"}],"predecessor-version":[{"id":819,"href":"https:\/\/ortopediaergox.es\/ca\/wp-json\/wp\/v2\/pages\/735\/revisions\/819"}],"wp:attachment":[{"href":"https:\/\/ortopediaergox.es\/ca\/wp-json\/wp\/v2\/media?parent=735"}],"curies":[{"name":"wp","href":"https:\/\/api.w.org\/{rel}","templated":true}]}}