{"id":743,"date":"2025-07-24T11:28:08","date_gmt":"2025-07-24T10:28:08","guid":{"rendered":"https:\/\/staging.microlabhard.com\/ortopediaergox\/qui-som\/"},"modified":"2025-09-03T09:12:42","modified_gmt":"2025-09-03T08:12:42","slug":"qui-som","status":"publish","type":"page","link":"https:\/\/ortopediaergox.es\/ca\/qui-som\/","title":{"rendered":"Qui som"},"content":{"rendered":"<div class=\"wpb-content-wrapper\"><p>[vc_section full_width=&#8221;stretch_row&#8221; css=&#8221;.vc_custom_1753867354660{padding-top: 80px !important;padding-bottom: 80px !important;}&#8221; conditional_render=&#8221;%5B%7B%22value_role%22%3A%22administrator%22%7D%5D&#8221; css_params=&#8221;{&#8220;css_padding_top_md&#8220;:&#8220;50px&#8220;}&#8221; custom_css_response=&#8221;@media(max-width:767px){.vc_custom_1753867354660{padding-top:50px!important;}}&#8221;][vc_row gap=&#8221;35&#8243; content_placement=&#8221;middle&#8221; conditional_render=&#8221;%5B%7B%22value_role%22%3A%22administrator%22%7D%5D&#8221; css_params=&#8221;&#8221;][vc_column width=&#8221;1\/3&#8243; animation_delay=&#8221;300&#8243; animation_type=&#8221;fadeInLeft&#8221; conditional_render=&#8221;%5B%7B%22value_role%22%3A%22administrator%22%7D%5D&#8221; css_params=&#8221;&#8221; el_class=&#8221;mlh_orden_despues&#8221;][vc_single_image image=&#8221;739&#8243; img_size=&#8221;full&#8221; css=&#8221;&#8221; img_object=&#8221;contain&#8221; img_width=&#8221;{&#8220;xl&#8220;:&#8220;100&#8220;,&#8220;unit&#8220;:&#8220;%&#8220;,&#8220;xs&#8220;:&#8220;&#8220;,&#8220;sm&#8220;:&#8220;&#8220;,&#8220;md&#8220;:&#8220;&#8220;,&#8220;lg&#8220;:&#8220;&#8220;}&#8221; css_params=&#8221;&#8221; el_class=&#8221;mlh_img_rounded&#8221;][\/vc_column][vc_column width=&#8221;2\/3&#8243; animation_type=&#8221;fadeInLeft&#8221; conditional_render=&#8221;%5B%7B%22value_role%22%3A%22administrator%22%7D%5D&#8221; css_params=&#8221;&#8221;][vc_custom_heading text=&#8221;Coneix-nos&#8221; use_theme_fonts=&#8221;yes&#8221; css_params=&#8221;&#8221;][vc_column_text css=&#8221;&#8221; css_params=&#8221;&#8221;]Un equip hum\u00e0 amb una \u00e0mplia experi\u00e8ncia en ortopr\u00f2tesi, ser\u00e0 qui t&#8217;assessori i dissenyi la teva pr\u00f2tesi, dirigit pel nostre responsable t\u00e8cnic, Marc Budr\u00eda, un professional amb m\u00e9s de 14 anys d&#8217;experi\u00e8ncia en l&#8217;\u00e0mbit ortoprot\u00e8tic.<\/p>\n<p>El seu pas per altres empreses, nacionals i internacionals l&#8217;han dotat d&#8217;una experi\u00e8ncia i coneixement ampli, per a liderar aquest projecte, i \u00e9s gr\u00e0cies a aquest bagatge nacional i internacional, en els quals ha assistit i impartit cursos per It\u00e0lia, Holanda, Alemanya, Anglaterra, Portugal i Espanya, que podr\u00e0s rebre un servei i informaci\u00f3 qualitativament distintiu, sobre les \u00faltimes tecnologies existents, relacionades amb l&#8217;ajuda ortoprot\u00e8tica que necessita el pacient.<\/p>\n<p>Dins de les seves moltes qualitats destaca per ser un expert en la confecci\u00f3 d&#8217;encaixos prot\u00e8tics a mesura, part fonamental de qualsevol pr\u00f2tesi d&#8217;altes prestacions.[\/vc_column_text][\/vc_column][\/vc_row][\/vc_section][vc_section full_width=&#8221;stretch_row&#8221; css=&#8221;.vc_custom_1753359369186{padding-top: 60px !important;padding-bottom: 60px !important;background-color: #efefef !important;}&#8221; conditional_render=&#8221;%5B%7B%22value_role%22%3A%22administrator%22%7D%5D&#8221; css_params=&#8221;&#8221;][vc_row][vc_column animation_type=&#8221;fadeInLeft&#8221; conditional_render=&#8221;%5B%7B%22value_role%22%3A%22administrator%22%7D%5D&#8221; css_params=&#8221;&#8221;][vc_custom_heading text=&#8221;Equip&#8221; font_container=&#8221;tag:h2|font_size:1em|text_align:center|color:var(&#8211;porto-secondary-color)&#8221; use_theme_fonts=&#8221;yes&#8221; css=&#8221;.vc_custom_1753441578617{margin-bottom: 10px !important;}&#8221; text_transform=&#8221;text-uppercase&#8221; font_weight=&#8221;400&#8243; css_params=&#8221;&#8221;][vc_custom_heading text=&#8221;Qui som&#8221; font_container=&#8221;tag:h2|text_align:center&#8221; use_theme_fonts=&#8221;yes&#8221; css_params=&#8221;&#8221;][vc_column_text css=&#8221;.vc_custom_1753353381890{margin-right: 10% !important;margin-left: 10% !important;}&#8221; css_params=&#8221;{&#8220;css_margin_right_lg&#8220;:&#8220;0px&#8220;,&#8220;css_margin_left_lg&#8220;:&#8220;0px&#8220;}&#8221; custom_css_response=&#8221;@media(max-width:991px){.vc_custom_1753353381890{margin-right:0px!important;margin-left:0px!important;}}&#8221;]<\/p>\n<p class=\"fusion-responsive-typography-calculated\" style=\"text-align: center;\" data-fontsize=\"18\" data-lineheight=\"27px\">Els nostres especialistes s\u00f3n el cor d&#8217;<strong>Ortop\u00e8dia Ergox<\/strong>. Ells s&#8217;han preparat per a construir l&#8217;ajuda ortoprot\u00e8tica que necessites, adaptada de manera perfecta a les teves caracter\u00edstiques morfol\u00f2giques.<\/p>\n<p>[\/vc_column_text][\/vc_column][\/vc_row][vc_row gap=&#8221;35&#8243; conditional_render=&#8221;%5B%7B%22value_role%22%3A%22administrator%22%7D%5D&#8221; css_params=&#8221;&#8221; css=&#8221;.vc_custom_1753354210744{margin-top: 50px !important;}&#8221;][vc_column width=&#8221;1\/3&#8243; animation_delay=&#8221;550&#8243; animation_type=&#8221;fadeInLeft&#8221; conditional_render=&#8221;%5B%7B%22value_role%22%3A%22administrator%22%7D%5D&#8221; css_params=&#8221;&#8221;]<div class=\"porto-ultimate-content-box-container mlh_box_servicio shadow\"><style>.porto_ucb_21b6bf01188be9ba0119a2cb5c097588{will-change: box-shadow;box-shadow: none;}.porto_ucb_21b6bf01188be9ba0119a2cb5c097588:hover{box-shadow:none}<\/style><div class=\"porto-ultimate-content-box porto_ucb_21b6bf01188be9ba0119a2cb5c097588\" style=\"background-color:#ffffff;min-height:606px;\" data-bg=\"#ffffff\">[vc_single_image image=&#8221;740&#8243; img_size=&#8221;full&#8221; css=&#8221;&#8221; img_object=&#8221;cover&#8221; img_pos=&#8221;center center&#8221; img_width=&#8221;{&#8220;xl&#8220;:&#8220;100&#8220;,&#8220;unit&#8220;:&#8220;%&#8220;,&#8220;xs&#8220;:&#8220;&#8220;,&#8220;sm&#8220;:&#8220;&#8220;,&#8220;md&#8220;:&#8220;&#8220;,&#8220;lg&#8220;:&#8220;&#8220;}&#8221; img_height=&#8221;{&#8220;xl&#8220;:&#8220;250&#8220;,&#8220;unit&#8220;:&#8220;&#8220;,&#8220;xs&#8220;:&#8220;&#8220;,&#8220;sm&#8220;:&#8220;&#8220;,&#8220;md&#8220;:&#8220;&#8220;,&#8220;lg&#8220;:&#8220;&#8220;}&#8221; css_params=&#8221;&#8221;][vc_custom_heading text=&#8221;Director t\u00e8cnic&#8221; font_container=&#8221;tag:h3|text_align:left&#8221; use_theme_fonts=&#8221;yes&#8221; css=&#8221;.vc_custom_1753474090472{padding-top: 40px !important;padding-right: 40px !important;padding-left: 40px !important;}&#8221; css_params=&#8221;&#8221; el_class=&#8221;mlh_boxtitle&#8221;][vc_column_text css=&#8221;.vc_custom_1753469486620{padding-right: 40px !important;padding-bottom: 40px !important;padding-left: 40px !important;}&#8221; css_params=&#8221;&#8221; text_typography=&#8221;{&#8220;family&#8220;:&#8220;Default&#8220;,&#8220;variant&#8220;:&#8220;Default&#8220;,&#8220;font_size&#8220;:&#8220;0.9em&#8220;,&#8220;line_height&#8220;:&#8220;1.1em&#8220;,&#8220;letter_spacing&#8220;:&#8220;&#8220;,&#8220;text_transform&#8220;:&#8220;&#8220;}&#8221;]<strong>Soc Marcos, responsable t\u00e8cnic d&#8217;Ortop\u00e8dia Ergox.<\/strong><\/p>\n<p>Construir\u00e9 la pr\u00f2tesi que necessites perqu\u00e8 et sentis c\u00f2mode i amb la m\u00e0xima llibertat de moviment. T&#8217;assessorar\u00e9 sobre la millor opci\u00f3 i els materials m\u00e9s adequats en la teva amputaci\u00f3 i, si tamb\u00e9 ho vols, personalitzar\u00e9 la teva pr\u00f2tesi perqu\u00e8 et sentis orgull\u00f3s de lluir-la.[\/vc_column_text]<\/div><\/div>[\/vc_column][vc_column width=&#8221;1\/3&#8243; animation_delay=&#8221;400&#8243; animation_type=&#8221;fadeInLeft&#8221; conditional_render=&#8221;%5B%7B%22value_role%22%3A%22administrator%22%7D%5D&#8221; css_params=&#8221;&#8221;]<div class=\"porto-ultimate-content-box-container mlh_box_servicio shadow\"><style>.porto_ucb_21b6bf01188be9ba0119a2cb5c097588{will-change: box-shadow;box-shadow: none;}.porto_ucb_21b6bf01188be9ba0119a2cb5c097588:hover{box-shadow:none}<\/style><div class=\"porto-ultimate-content-box porto_ucb_21b6bf01188be9ba0119a2cb5c097588\" style=\"background-color:#ffffff;min-height:606px;\" data-bg=\"#ffffff\">[vc_single_image image=&#8221;741&#8243; img_size=&#8221;full&#8221; css=&#8221;&#8221; img_object=&#8221;cover&#8221; img_pos=&#8221;center center&#8221; img_width=&#8221;{&#8220;xl&#8220;:&#8220;100&#8220;,&#8220;unit&#8220;:&#8220;%&#8220;,&#8220;xs&#8220;:&#8220;&#8220;,&#8220;sm&#8220;:&#8220;&#8220;,&#8220;md&#8220;:&#8220;&#8220;,&#8220;lg&#8220;:&#8220;&#8220;}&#8221; img_height=&#8221;{&#8220;xl&#8220;:&#8220;250&#8220;,&#8220;unit&#8220;:&#8220;&#8220;,&#8220;xs&#8220;:&#8220;&#8220;,&#8220;sm&#8220;:&#8220;&#8220;,&#8220;md&#8220;:&#8220;&#8220;,&#8220;lg&#8220;:&#8220;&#8220;}&#8221; css_params=&#8221;&#8221;][vc_custom_heading text=&#8221;Responsable de gesti\u00f3&#8221; font_container=&#8221;tag:h3|text_align:left&#8221; use_theme_fonts=&#8221;yes&#8221; css=&#8221;.vc_custom_1753474097749{padding-top: 40px !important;padding-right: 40px !important;padding-left: 40px !important;}&#8221; css_params=&#8221;&#8221; el_class=&#8221;mlh_boxtitle&#8221;][vc_column_text css=&#8221;.vc_custom_1753469498708{padding-right: 40px !important;padding-bottom: 40px !important;padding-left: 40px !important;}&#8221; css_params=&#8221;&#8221; text_typography=&#8221;{&#8220;family&#8220;:&#8220;Default&#8220;,&#8220;variant&#8220;:&#8220;Default&#8220;,&#8220;font_size&#8220;:&#8220;0.9em&#8220;,&#8220;line_height&#8220;:&#8220;1.1em&#8220;,&#8220;letter_spacing&#8220;:&#8220;&#8220;,&#8220;text_transform&#8220;:&#8220;&#8220;}&#8221;]<strong>Soc Lyudmyla, responsable de l&#8217;\u00e0rea administrativa d&#8217;Ortop\u00e8dia Ergox.<\/strong><\/p>\n<p>Entre altres coses, em cuido de gestionar els aprovisionaments necessaris per a fabricar les pr\u00f2tesis i perqu\u00e8 tinguis disponibles altres productes complementaris sempre que els necessitis.[\/vc_column_text]<\/div><\/div>[\/vc_column][vc_column width=&#8221;1\/3&#8243; animation_delay=&#8221;250&#8243; animation_type=&#8221;fadeInLeft&#8221; conditional_render=&#8221;%5B%7B%22value_role%22%3A%22administrator%22%7D%5D&#8221; css_params=&#8221;&#8221;]<div class=\"porto-ultimate-content-box-container mlh_box_servicio shadow\"><style>.porto_ucb_21b6bf01188be9ba0119a2cb5c097588{will-change: box-shadow;box-shadow: none;}.porto_ucb_21b6bf01188be9ba0119a2cb5c097588:hover{box-shadow:none}<\/style><div class=\"porto-ultimate-content-box porto_ucb_21b6bf01188be9ba0119a2cb5c097588\" style=\"background-color:#ffffff;min-height:606px;\" data-bg=\"#ffffff\">[vc_single_image image=&#8221;742&#8243; img_size=&#8221;full&#8221; css=&#8221;&#8221; img_object=&#8221;cover&#8221; img_pos=&#8221;center center&#8221; img_width=&#8221;{&#8220;xl&#8220;:&#8220;100&#8220;,&#8220;unit&#8220;:&#8220;%&#8220;,&#8220;xs&#8220;:&#8220;&#8220;,&#8220;sm&#8220;:&#8220;&#8220;,&#8220;md&#8220;:&#8220;&#8220;,&#8220;lg&#8220;:&#8220;&#8220;}&#8221; img_height=&#8221;{&#8220;xl&#8220;:&#8220;250&#8220;,&#8220;unit&#8220;:&#8220;&#8220;,&#8220;xs&#8220;:&#8220;&#8220;,&#8220;sm&#8220;:&#8220;&#8220;,&#8220;md&#8220;:&#8220;&#8220;,&#8220;lg&#8220;:&#8220;&#8220;}&#8221; css_params=&#8221;&#8221;][vc_custom_heading text=&#8221;Fisioterapeuta&#8221; font_container=&#8221;tag:h3|text_align:left&#8221; use_theme_fonts=&#8221;yes&#8221; css=&#8221;.vc_custom_1753474105384{padding-top: 40px !important;padding-right: 40px !important;padding-left: 40px !important;}&#8221; css_params=&#8221;&#8221; el_class=&#8221;mlh_boxtitle&#8221;][vc_column_text css=&#8221;.vc_custom_1753469938460{padding-right: 40px !important;padding-bottom: 40px !important;padding-left: 40px !important;}&#8221; css_params=&#8221;&#8221; text_typography=&#8221;{&#8220;family&#8220;:&#8220;Default&#8220;,&#8220;variant&#8220;:&#8220;Default&#8220;,&#8220;font_size&#8220;:&#8220;0.9em&#8220;,&#8220;line_height&#8220;:&#8220;1.1em&#8220;,&#8220;letter_spacing&#8220;:&#8220;&#8220;,&#8220;text_transform&#8220;:&#8220;&#8220;}&#8221;]<strong>Soc Gemma, fisioterapeuta d&#8217;Ortop\u00e8dia Ergox.<\/strong> <\/p>\n<p>Aqu\u00ed em dedico especialment a la recuperaci\u00f3 de la marxa dels pacients amputats.[\/vc_column_text]<\/div><\/div>[\/vc_column][\/vc_row][\/vc_section][vc_section full_width=&#8221;stretch_row&#8221; css=&#8221;.vc_custom_1753434970430{padding-top: 80px !important;padding-bottom: 80px !important;background-color: var(&#8211;porto-secondary-color) !important;}&#8221; conditional_render=&#8221;%5B%7B%22value_role%22%3A%22administrator%22%7D%5D&#8221; css_params=&#8221;&#8221;][vc_row][vc_column][vc_custom_heading text=&#8221;Ortop\u00e8dia Ergox. El teu benestar, la nostra prioritat.&#8221; font_container=&#8221;tag:h2|text_align:center|color:%23ffffff&#8221; use_theme_fonts=&#8221;yes&#8221; css_params=&#8221;&#8221; animation_type=&#8221;fadeInLeft&#8221;][vc_btn title=&#8221;Contacteu-nos&#8221; align=&#8221;center&#8221; animation_delay=&#8221;200&#8243; link=&#8221;url:https%3A%2F%2Fortopediaergox.es%2Fcontacto%2F|&#8221; el_class=&#8221;mlh_btn_light&#8221; css_params=&#8221;&#8221; animation_type=&#8221;fadeInLeft&#8221;][\/vc_column][\/vc_row][\/vc_section]<\/p>\n<\/div>","protected":false},"excerpt":{"rendered":"<p>[vc_section full_width=&#8221;stretch_row&#8221; css=&#8221;.vc_custom_1753867354660{padding-top: 80px !important;padding-bottom: 80px !important;}&#8221; conditional_render=&#8221;%5B%7B%22value_role%22%3A%22administrator%22%7D%5D&#8221; css_params=&#8221;{&#8220;css_padding_top_md&#8220;:&#8220;50px&#8220;}&#8221; custom_css_response=&#8221;@media(max-width:767px){.vc_custom_1753867354660{padding-top:50px!important;}}&#8221;][vc_row gap=&#8221;35&#8243; content_placement=&#8221;middle&#8221; conditional_render=&#8221;%5B%7B%22value_role%22%3A%22administrator%22%7D%5D&#8221; css_params=&#8221;&#8221;][vc_column width=&#8221;1\/3&#8243; animation_delay=&#8221;300&#8243; animation_type=&#8221;fadeInLeft&#8221; conditional_render=&#8221;%5B%7B%22value_role%22%3A%22administrator%22%7D%5D&#8221; css_params=&#8221;&#8221; el_class=&#8221;mlh_orden_despues&#8221;][vc_single_image image=&#8221;739&#8243; img_size=&#8221;full&#8221; css=&#8221;&#8221; img_object=&#8221;contain&#8221; img_width=&#8221;{&#8220;xl&#8220;:&#8220;100&#8220;,&#8220;unit&#8220;:&#8220;%&#8220;,&#8220;xs&#8220;:&#8220;&#8220;,&#8220;sm&#8220;:&#8220;&#8220;,&#8220;md&#8220;:&#8220;&#8220;,&#8220;lg&#8220;:&#8220;&#8220;}&#8221; css_params=&#8221;&#8221; el_class=&#8221;mlh_img_rounded&#8221;][\/vc_column][vc_column width=&#8221;2\/3&#8243; animation_type=&#8221;fadeInLeft&#8221; conditional_render=&#8221;%5B%7B%22value_role%22%3A%22administrator%22%7D%5D&#8221; css_params=&#8221;&#8221;][vc_custom_heading text=&#8221;Coneix-nos&#8221; use_theme_fonts=&#8221;yes&#8221; css_params=&#8221;&#8221;][vc_column_text css=&#8221;&#8221; css_params=&#8221;&#8221;]Un equip hum\u00e0 amb una \u00e0mplia experi\u00e8ncia en ortopr\u00f2tesi, ser\u00e0 qui t&#8217;assessori i dissenyi la teva pr\u00f2tesi, dirigit pel nostre [&hellip;]<\/p>\n","protected":false},"author":5,"featured_media":0,"parent":0,"menu_order":0,"comment_status":"closed","ping_status":"closed","template":"","meta":{"_seopress_robots_primary_cat":"","_seopress_titles_title":"%%sitetitle%% %%sep%% %%post_title%%","_seopress_titles_desc":"Equip expert en ortopr\u00f2tesi a mida: llibertat, comoditat i tecnologia avan\u00e7ada per al teu benestar","_seopress_robots_index":"","_joinchat":[],"footnotes":""},"class_list":["post-743","page","type-page","status-publish","hentry"],"_links":{"self":[{"href":"https:\/\/ortopediaergox.es\/ca\/wp-json\/wp\/v2\/pages\/743","targetHints":{"allow":["GET"]}}],"collection":[{"href":"https:\/\/ortopediaergox.es\/ca\/wp-json\/wp\/v2\/pages"}],"about":[{"href":"https:\/\/ortopediaergox.es\/ca\/wp-json\/wp\/v2\/types\/page"}],"author":[{"embeddable":true,"href":"https:\/\/ortopediaergox.es\/ca\/wp-json\/wp\/v2\/users\/5"}],"replies":[{"embeddable":true,"href":"https:\/\/ortopediaergox.es\/ca\/wp-json\/wp\/v2\/comments?post=743"}],"version-history":[{"count":2,"href":"https:\/\/ortopediaergox.es\/ca\/wp-json\/wp\/v2\/pages\/743\/revisions"}],"predecessor-version":[{"id":804,"href":"https:\/\/ortopediaergox.es\/ca\/wp-json\/wp\/v2\/pages\/743\/revisions\/804"}],"wp:attachment":[{"href":"https:\/\/ortopediaergox.es\/ca\/wp-json\/wp\/v2\/media?parent=743"}],"curies":[{"name":"wp","href":"https:\/\/api.w.org\/{rel}","templated":true}]}}